{"id":16,"date":"2024-10-29T15:14:52","date_gmt":"2024-10-29T18:14:52","guid":{"rendered":"https:\/\/okamy.com.br\/jfmangueiras\/?page_id=16"},"modified":"2025-02-14T15:56:26","modified_gmt":"2025-02-14T18:56:26","slug":"sobre","status":"publish","type":"page","link":"https:\/\/okamy.com.br\/jfmangueiras\/sobre\/","title":{"rendered":"Sobre"},"content":{"rendered":"\t\t<div data-elementor-type=\"wp-page\" data-elementor-id=\"16\" class=\"elementor elementor-16\" data-elementor-post-type=\"page\">\r\n\t\t\t\t<div class=\"elementor-element elementor-element-d12f680 e-flex e-con-boxed e-con e-parent\" data-id=\"d12f680\" data-element_type=\"container\" data-e-type=\"container\" data-settings=\"{&quot;background_background&quot;:&quot;classic&quot;}\">\r\n\t\t\t\t\t<div class=\"e-con-inner\">\r\n\t\t\t\t\t<\/div>\r\n\t\t\t\t<\/div>\r\n\t\t<div class=\"elementor-element elementor-element-25729c2 e-flex e-con-boxed e-con e-parent\" data-id=\"25729c2\" data-element_type=\"container\" data-e-type=\"container\">\r\n\t\t\t\t\t<div class=\"e-con-inner\">\r\n\t\t\t\t<div class=\"elementor-element elementor-element-f7454f4 elementor-widget__width-initial elementor-widget elementor-widget-heading\" data-id=\"f7454f4\" data-element_type=\"widget\" data-e-type=\"widget\" data-widget_type=\"heading.default\">\r\n\t\t\t\t<div class=\"elementor-widget-container\">\r\n\t\t\t\t\t<h2 class=\"elementor-heading-title elementor-size-default\">A JF Mangueiras \u00e9 uma empresa ecologicamente correta, trabalhando em prol do meio ambiente<\/h2>\t\t\t\t<\/div>\r\n\t\t\t\t<\/div>\r\n\t\t\t\t<div class=\"elementor-element elementor-element-edff694 elementor-widget__width-initial elementor-widget elementor-widget-text-editor\" data-id=\"edff694\" data-element_type=\"widget\" data-e-type=\"widget\" data-widget_type=\"text-editor.default\">\r\n\t\t\t\t<div class=\"elementor-widget-container\">\r\n\t\t\t\t\t\t\t\t\t<p>Fundada em Janeiro de 1991 a JF Mangueiras especializou-se na industrializa\u00e7\u00e3o de tubos flex\u00edveis de polietileno (PEBD). Desde ent\u00e3o, focando sempre a consolida\u00e7\u00e3o de sua marca em um mercado cada vez mais competitivo, a JF Mangueiras mant\u00e9m um compromisso rigoroso com a qualidade e confiabilidade de seus produtos, sendo uma das primeiras empresas em inserir no mercado tubos flex\u00edveis de polietileno (PEBD) com identifica\u00e7\u00e3o sequencial num\u00e9rica metro a metro. Garantindo assim total satisfa\u00e7\u00e3o de nossos clientes, com produtos de alt\u00edssima qualidade e confiabilidade.<\/p>\t\t\t\t\t\t\t\t<\/div>\r\n\t\t\t\t<\/div>\r\n\t\t\t\t\t<\/div>\r\n\t\t\t\t<\/div>\r\n\t\t<div class=\"elementor-element elementor-element-aea85e5 e-flex e-con-boxed e-con e-parent\" data-id=\"aea85e5\" data-element_type=\"container\" data-e-type=\"container\" data-settings=\"{&quot;background_background&quot;:&quot;classic&quot;}\">\r\n\t\t\t\t\t<div class=\"e-con-inner\">\r\n\t\t\t\t<div class=\"elementor-element elementor-element-511d760 elementor-widget__width-initial elementor-widget elementor-widget-heading\" data-id=\"511d760\" data-element_type=\"widget\" data-e-type=\"widget\" data-widget_type=\"heading.default\">\r\n\t\t\t\t<div class=\"elementor-widget-container\">\r\n\t\t\t\t\t<h2 class=\"elementor-heading-title elementor-size-default\">J. F. MANGUEIRAS E EMBALAGENS LTDA<\/h2>\t\t\t\t<\/div>\r\n\t\t\t\t<\/div>\r\n\t\t\t\t<div class=\"elementor-element elementor-element-0b7acc6 elementor-widget__width-initial elementor-widget elementor-widget-text-editor\" data-id=\"0b7acc6\" data-element_type=\"widget\" data-e-type=\"widget\" data-widget_type=\"text-editor.default\">\r\n\t\t\t\t<div class=\"elementor-widget-container\">\r\n\t\t\t\t\t\t\t\t\t<p><strong>NOME FANTASIA: JF MANGUEIRAS<br \/><\/strong><strong>\u00a0CNPJ: 17.480.850\/0001-37\u2028<br \/><\/strong><strong>INSC. ESTADUAL: 621.027.881.117\u2028<br \/><\/strong><strong>ENDERE\u00c7O DE FATURAMENTO E COBRAN\u00c7A: RUA: IRINEU BIANCHINI, 197 &#8211;<\/strong><br \/><strong>DISTRITO INDUSTRIAL\u2028<\/strong><br \/><strong>CEP: 13.670-000 &#8211; SANTA RITA DO PASSA QUATRO \u2013 SP<\/strong><\/p>\t\t\t\t\t\t\t\t<\/div>\r\n\t\t\t\t<\/div>\r\n\t\t\t\t\t<\/div>\r\n\t\t\t\t<\/div>\r\n\t\t\t\t<\/div>\r\n\t\t","protected":false},"excerpt":{"rendered":"<p>A JF Mangueiras \u00e9 uma empresa ecologicamente correta, trabalhando em prol do meio ambiente Fundada em Janeiro de 1991 a JF Mangueiras especializou-se na industrializa\u00e7\u00e3o de tubos flex\u00edveis de polietileno (PEBD). Desde ent\u00e3o, focando sempre a consolida\u00e7\u00e3o de sua marca em um mercado cada vez mais competitivo, a JF Mangueiras mant\u00e9m um compromisso rigoroso com [&hellip;]<\/p>\n","protected":false},"author":1,"featured_media":0,"parent":0,"menu_order":0,"comment_status":"closed","ping_status":"closed","template":"","meta":{"_joinchat":[],"footnotes":""},"class_list":["post-16","page","type-page","status-publish","hentry"],"_links":{"self":[{"href":"https:\/\/okamy.com.br\/jfmangueiras\/wp-json\/wp\/v2\/pages\/16","targetHints":{"allow":["GET"]}}],"collection":[{"href":"https:\/\/okamy.com.br\/jfmangueiras\/wp-json\/wp\/v2\/pages"}],"about":[{"href":"https:\/\/okamy.com.br\/jfmangueiras\/wp-json\/wp\/v2\/types\/page"}],"author":[{"embeddable":true,"href":"https:\/\/okamy.com.br\/jfmangueiras\/wp-json\/wp\/v2\/users\/1"}],"replies":[{"embeddable":true,"href":"https:\/\/okamy.com.br\/jfmangueiras\/wp-json\/wp\/v2\/comments?post=16"}],"version-history":[{"count":14,"href":"https:\/\/okamy.com.br\/jfmangueiras\/wp-json\/wp\/v2\/pages\/16\/revisions"}],"predecessor-version":[{"id":462,"href":"https:\/\/okamy.com.br\/jfmangueiras\/wp-json\/wp\/v2\/pages\/16\/revisions\/462"}],"wp:attachment":[{"href":"https:\/\/okamy.com.br\/jfmangueiras\/wp-json\/wp\/v2\/media?parent=16"}],"curies":[{"name":"wp","href":"https:\/\/api.w.org\/{rel}","templated":true}]}}