{"id":18,"date":"2024-10-29T15:15:09","date_gmt":"2024-10-29T18:15:09","guid":{"rendered":"https:\/\/okamy.com.br\/jfmangueiras\/?page_id=18"},"modified":"2025-05-08T16:53:56","modified_gmt":"2025-05-08T19:53:56","slug":"produtos","status":"publish","type":"page","link":"https:\/\/okamy.com.br\/jfmangueiras\/produtos\/","title":{"rendered":"Produtos"},"content":{"rendered":"\t\t<div data-elementor-type=\"wp-page\" data-elementor-id=\"18\" class=\"elementor elementor-18\" data-elementor-post-type=\"page\">\r\n\t\t\t\t<div class=\"elementor-element elementor-element-b0f2be4 e-flex e-con-boxed e-con e-parent\" data-id=\"b0f2be4\" data-element_type=\"container\" data-e-type=\"container\">\r\n\t\t\t\t\t<div class=\"e-con-inner\">\r\n\t\t\t\t<div class=\"elementor-element elementor-element-2dd8562 elementor-widget elementor-widget-heading\" data-id=\"2dd8562\" data-element_type=\"widget\" data-e-type=\"widget\" data-widget_type=\"heading.default\">\r\n\t\t\t\t<div class=\"elementor-widget-container\">\r\n\t\t\t\t\t<h2 class=\"elementor-heading-title elementor-size-default\">Produtos<\/h2>\t\t\t\t<\/div>\r\n\t\t\t\t<\/div>\r\n\t\t<div class=\"elementor-element elementor-element-595e11f e-con-full e-flex e-con e-child\" data-id=\"595e11f\" data-element_type=\"container\" data-e-type=\"container\">\r\n\t\t<div class=\"elementor-element elementor-element-e87b3f3 e-con-full e-flex e-con e-child\" data-id=\"e87b3f3\" data-element_type=\"container\" data-e-type=\"container\" data-settings=\"{&quot;background_background&quot;:&quot;classic&quot;}\">\r\n\t\t\t\t<div class=\"elementor-element elementor-element-1104a94 elementor-widget elementor-widget-heading\" data-id=\"1104a94\" data-element_type=\"widget\" data-e-type=\"widget\" data-widget_type=\"heading.default\">\r\n\t\t\t\t<div class=\"elementor-widget-container\">\r\n\t\t\t\t\t<h2 class=\"elementor-heading-title elementor-size-default\">Eletroduto Corrugado Flex\u00edvel<\/h2>\t\t\t\t<\/div>\r\n\t\t\t\t<\/div>\r\n\t\t\t\t<div class=\"elementor-element elementor-element-838552f elementor-widget elementor-widget-image\" data-id=\"838552f\" data-element_type=\"widget\" data-e-type=\"widget\" data-widget_type=\"image.default\">\r\n\t\t\t\t<div class=\"elementor-widget-container\">\r\n\t\t\t\t\t\t\t\t\t\t\t\t\t\t\t<img fetchpriority=\"high\" decoding=\"async\" width=\"800\" height=\"800\" src=\"https:\/\/okamy.com.br\/jfmangueiras\/wp-content\/uploads\/2024\/11\/CORRUGADO-1024x1024.png\" class=\"attachment-large size-large wp-image-49\" alt=\"\" srcset=\"https:\/\/okamy.com.br\/jfmangueiras\/wp-content\/uploads\/2024\/11\/CORRUGADO-1024x1024.png 1024w, https:\/\/okamy.com.br\/jfmangueiras\/wp-content\/uploads\/2024\/11\/CORRUGADO-300x300.png 300w, https:\/\/okamy.com.br\/jfmangueiras\/wp-content\/uploads\/2024\/11\/CORRUGADO-150x150.png 150w, https:\/\/okamy.com.br\/jfmangueiras\/wp-content\/uploads\/2024\/11\/CORRUGADO-768x768.png 768w, https:\/\/okamy.com.br\/jfmangueiras\/wp-content\/uploads\/2024\/11\/CORRUGADO.png 1080w\" sizes=\"(max-width: 800px) 100vw, 800px\" \/>\t\t\t\t\t\t\t\t\t\t\t\t\t\t\t<\/div>\r\n\t\t\t\t<\/div>\r\n\t\t\t\t<div class=\"elementor-element elementor-element-ec888af elementor-align-center elementor-mobile-align-center elementor-widget__width-inherit elementor-widget elementor-widget-button\" data-id=\"ec888af\" data-element_type=\"widget\" data-e-type=\"widget\" data-widget_type=\"button.default\">\r\n\t\t\t\t<div class=\"elementor-widget-container\">\r\n\t\t\t\t\t\t\t\t\t<div class=\"elementor-button-wrapper\">\r\n\t\t\t\t\t<a class=\"elementor-button elementor-button-link elementor-size-sm\" href=\"https:\/\/okamy.com.br\/jfmangueiras\/eletroduto-corrugado-flexivel\/\">\r\n\t\t\t\t\t\t<span class=\"elementor-button-content-wrapper\">\r\n\t\t\t\t\t\t\t\t\t<span class=\"elementor-button-text\">Saiba mais<\/span>\r\n\t\t\t\t\t<\/span>\r\n\t\t\t\t\t<\/a>\r\n\t\t\t\t<\/div>\r\n\t\t\t\t\t\t\t\t<\/div>\r\n\t\t\t\t<\/div>\r\n\t\t\t\t<\/div>\r\n\t\t<div class=\"elementor-element elementor-element-93b8d3f e-con-full e-flex e-con e-child\" data-id=\"93b8d3f\" data-element_type=\"container\" data-e-type=\"container\" data-settings=\"{&quot;background_background&quot;:&quot;classic&quot;}\">\r\n\t\t\t\t<div class=\"elementor-element elementor-element-1aba56c elementor-widget elementor-widget-heading\" data-id=\"1aba56c\" data-element_type=\"widget\" data-e-type=\"widget\" data-widget_type=\"heading.default\">\r\n\t\t\t\t<div class=\"elementor-widget-container\">\r\n\t\t\t\t\t<h2 class=\"elementor-heading-title elementor-size-default\">Eletroduto corrugado Flex\u00edvel Refor\u00e7ado PEAD COM GUIA<\/h2>\t\t\t\t<\/div>\r\n\t\t\t\t<\/div>\r\n\t\t\t\t<div class=\"elementor-element elementor-element-9695aa3 elementor-widget elementor-widget-image\" data-id=\"9695aa3\" data-element_type=\"widget\" data-e-type=\"widget\" data-widget_type=\"image.default\">\r\n\t\t\t\t<div class=\"elementor-widget-container\">\r\n\t\t\t\t\t\t\t\t\t\t\t\t\t\t\t<img decoding=\"async\" width=\"800\" height=\"800\" src=\"https:\/\/okamy.com.br\/jfmangueiras\/wp-content\/uploads\/2024\/11\/CORRUGADO_FIO_GUI-1024x1024.png\" class=\"attachment-large size-large wp-image-48\" alt=\"\" srcset=\"https:\/\/okamy.com.br\/jfmangueiras\/wp-content\/uploads\/2024\/11\/CORRUGADO_FIO_GUI-1024x1024.png 1024w, https:\/\/okamy.com.br\/jfmangueiras\/wp-content\/uploads\/2024\/11\/CORRUGADO_FIO_GUI-300x300.png 300w, https:\/\/okamy.com.br\/jfmangueiras\/wp-content\/uploads\/2024\/11\/CORRUGADO_FIO_GUI-150x150.png 150w, https:\/\/okamy.com.br\/jfmangueiras\/wp-content\/uploads\/2024\/11\/CORRUGADO_FIO_GUI-768x768.png 768w, https:\/\/okamy.com.br\/jfmangueiras\/wp-content\/uploads\/2024\/11\/CORRUGADO_FIO_GUI.png 1080w\" sizes=\"(max-width: 800px) 100vw, 800px\" \/>\t\t\t\t\t\t\t\t\t\t\t\t\t\t\t<\/div>\r\n\t\t\t\t<\/div>\r\n\t\t\t\t<div class=\"elementor-element elementor-element-78bc25e elementor-align-center elementor-mobile-align-center elementor-widget__width-inherit elementor-widget elementor-widget-button\" data-id=\"78bc25e\" data-element_type=\"widget\" data-e-type=\"widget\" data-widget_type=\"button.default\">\r\n\t\t\t\t<div class=\"elementor-widget-container\">\r\n\t\t\t\t\t\t\t\t\t<div class=\"elementor-button-wrapper\">\r\n\t\t\t\t\t<a class=\"elementor-button elementor-button-link elementor-size-sm\" href=\"https:\/\/okamy.com.br\/jfmangueiras\/elementor-300\/\">\r\n\t\t\t\t\t\t<span class=\"elementor-button-content-wrapper\">\r\n\t\t\t\t\t\t\t\t\t<span class=\"elementor-button-text\">Saiba mais<\/span>\r\n\t\t\t\t\t<\/span>\r\n\t\t\t\t\t<\/a>\r\n\t\t\t\t<\/div>\r\n\t\t\t\t\t\t\t\t<\/div>\r\n\t\t\t\t<\/div>\r\n\t\t\t\t<\/div>\r\n\t\t<div class=\"elementor-element elementor-element-177abff e-con-full e-flex e-con e-child\" data-id=\"177abff\" data-element_type=\"container\" data-e-type=\"container\" data-settings=\"{&quot;background_background&quot;:&quot;classic&quot;}\">\r\n\t\t\t\t<div class=\"elementor-element elementor-element-cfd8dd4 elementor-widget elementor-widget-heading\" data-id=\"cfd8dd4\" data-element_type=\"widget\" data-e-type=\"widget\" data-widget_type=\"heading.default\">\r\n\t\t\t\t<div class=\"elementor-widget-container\">\r\n\t\t\t\t\t<h2 class=\"elementor-heading-title elementor-size-default\">Tubos flex\u00edveis de Polietileno<\/h2>\t\t\t\t<\/div>\r\n\t\t\t\t<\/div>\r\n\t\t\t\t<div class=\"elementor-element elementor-element-a056d6f elementor-widget elementor-widget-image\" data-id=\"a056d6f\" data-element_type=\"widget\" data-e-type=\"widget\" data-widget_type=\"image.default\">\r\n\t\t\t\t<div class=\"elementor-widget-container\">\r\n\t\t\t\t\t\t\t\t\t\t\t\t\t\t\t<img decoding=\"async\" width=\"800\" height=\"800\" src=\"https:\/\/okamy.com.br\/jfmangueiras\/wp-content\/uploads\/2024\/11\/MANGUEIRA_PEBD-1024x1024.png\" class=\"attachment-large size-large wp-image-45\" alt=\"\" srcset=\"https:\/\/okamy.com.br\/jfmangueiras\/wp-content\/uploads\/2024\/11\/MANGUEIRA_PEBD-1024x1024.png 1024w, https:\/\/okamy.com.br\/jfmangueiras\/wp-content\/uploads\/2024\/11\/MANGUEIRA_PEBD-300x300.png 300w, https:\/\/okamy.com.br\/jfmangueiras\/wp-content\/uploads\/2024\/11\/MANGUEIRA_PEBD-150x150.png 150w, https:\/\/okamy.com.br\/jfmangueiras\/wp-content\/uploads\/2024\/11\/MANGUEIRA_PEBD-768x768.png 768w, https:\/\/okamy.com.br\/jfmangueiras\/wp-content\/uploads\/2024\/11\/MANGUEIRA_PEBD.png 1080w\" sizes=\"(max-width: 800px) 100vw, 800px\" \/>\t\t\t\t\t\t\t\t\t\t\t\t\t\t\t<\/div>\r\n\t\t\t\t<\/div>\r\n\t\t\t\t<div class=\"elementor-element elementor-element-ba7d59a elementor-align-center elementor-mobile-align-center elementor-widget__width-inherit elementor-widget elementor-widget-button\" data-id=\"ba7d59a\" data-element_type=\"widget\" data-e-type=\"widget\" data-widget_type=\"button.default\">\r\n\t\t\t\t<div class=\"elementor-widget-container\">\r\n\t\t\t\t\t\t\t\t\t<div class=\"elementor-button-wrapper\">\r\n\t\t\t\t\t<a class=\"elementor-button elementor-button-link elementor-size-sm\" href=\"https:\/\/okamy.com.br\/jfmangueiras\/tubos-flexiveis-de-polietileno\/\">\r\n\t\t\t\t\t\t<span class=\"elementor-button-content-wrapper\">\r\n\t\t\t\t\t\t\t\t\t<span class=\"elementor-button-text\">Saiba mais<\/span>\r\n\t\t\t\t\t<\/span>\r\n\t\t\t\t\t<\/a>\r\n\t\t\t\t<\/div>\r\n\t\t\t\t\t\t\t\t<\/div>\r\n\t\t\t\t<\/div>\r\n\t\t\t\t<\/div>\r\n\t\t<div class=\"elementor-element elementor-element-70438cd e-con-full e-flex e-con e-child\" data-id=\"70438cd\" data-element_type=\"container\" data-e-type=\"container\" data-settings=\"{&quot;background_background&quot;:&quot;classic&quot;}\">\r\n\t\t\t\t<div class=\"elementor-element elementor-element-16d175b elementor-widget elementor-widget-heading\" data-id=\"16d175b\" data-element_type=\"widget\" data-e-type=\"widget\" data-widget_type=\"heading.default\">\r\n\t\t\t\t<div class=\"elementor-widget-container\">\r\n\t\t\t\t\t<h2 class=\"elementor-heading-title elementor-size-default\">Luvas para Dutos Corrugados<\/h2>\t\t\t\t<\/div>\r\n\t\t\t\t<\/div>\r\n\t\t\t\t<div class=\"elementor-element elementor-element-ae2b679 elementor-widget elementor-widget-image\" data-id=\"ae2b679\" data-element_type=\"widget\" data-e-type=\"widget\" data-widget_type=\"image.default\">\r\n\t\t\t\t<div class=\"elementor-widget-container\">\r\n\t\t\t\t\t\t\t\t\t\t\t\t\t\t\t<img loading=\"lazy\" decoding=\"async\" width=\"800\" height=\"800\" src=\"https:\/\/okamy.com.br\/jfmangueiras\/wp-content\/uploads\/2024\/11\/LUVAS-1024x1024.png\" class=\"attachment-large size-large wp-image-46\" alt=\"\" srcset=\"https:\/\/okamy.com.br\/jfmangueiras\/wp-content\/uploads\/2024\/11\/LUVAS-1024x1024.png 1024w, https:\/\/okamy.com.br\/jfmangueiras\/wp-content\/uploads\/2024\/11\/LUVAS-300x300.png 300w, https:\/\/okamy.com.br\/jfmangueiras\/wp-content\/uploads\/2024\/11\/LUVAS-150x150.png 150w, https:\/\/okamy.com.br\/jfmangueiras\/wp-content\/uploads\/2024\/11\/LUVAS-768x768.png 768w, https:\/\/okamy.com.br\/jfmangueiras\/wp-content\/uploads\/2024\/11\/LUVAS.png 1080w\" sizes=\"(max-width: 800px) 100vw, 800px\" \/>\t\t\t\t\t\t\t\t\t\t\t\t\t\t\t<\/div>\r\n\t\t\t\t<\/div>\r\n\t\t\t\t<div class=\"elementor-element elementor-element-044d157 elementor-align-center elementor-mobile-align-center elementor-widget__width-inherit elementor-widget elementor-widget-button\" data-id=\"044d157\" data-element_type=\"widget\" data-e-type=\"widget\" data-widget_type=\"button.default\">\r\n\t\t\t\t<div class=\"elementor-widget-container\">\r\n\t\t\t\t\t\t\t\t\t<div class=\"elementor-button-wrapper\">\r\n\t\t\t\t\t<a class=\"elementor-button elementor-button-link elementor-size-sm\" href=\"https:\/\/okamy.com.br\/jfmangueiras\/luvas-para-dutos-corrugados\/\">\r\n\t\t\t\t\t\t<span class=\"elementor-button-content-wrapper\">\r\n\t\t\t\t\t\t\t\t\t<span class=\"elementor-button-text\">Saiba mais<\/span>\r\n\t\t\t\t\t<\/span>\r\n\t\t\t\t\t<\/a>\r\n\t\t\t\t<\/div>\r\n\t\t\t\t\t\t\t\t<\/div>\r\n\t\t\t\t<\/div>\r\n\t\t\t\t<\/div>\r\n\t\t<div class=\"elementor-element elementor-element-08b7c54 e-con-full e-flex e-con e-child\" data-id=\"08b7c54\" data-element_type=\"container\" data-e-type=\"container\" data-settings=\"{&quot;background_background&quot;:&quot;classic&quot;}\">\r\n\t\t\t\t<div class=\"elementor-element elementor-element-c479c79 elementor-widget elementor-widget-heading\" data-id=\"c479c79\" data-element_type=\"widget\" data-e-type=\"widget\" data-widget_type=\"heading.default\">\r\n\t\t\t\t<div class=\"elementor-widget-container\">\r\n\t\t\t\t\t<h2 class=\"elementor-heading-title elementor-size-default\">Caixas de Luz<\/h2>\t\t\t\t<\/div>\r\n\t\t\t\t<\/div>\r\n\t\t\t\t<div class=\"elementor-element elementor-element-03398f9 elementor-widget elementor-widget-image\" data-id=\"03398f9\" data-element_type=\"widget\" data-e-type=\"widget\" data-widget_type=\"image.default\">\r\n\t\t\t\t<div class=\"elementor-widget-container\">\r\n\t\t\t\t\t\t\t\t\t\t\t\t\t\t\t<img loading=\"lazy\" decoding=\"async\" width=\"800\" height=\"533\" src=\"https:\/\/okamy.com.br\/jfmangueiras\/wp-content\/uploads\/2025\/04\/CONJUNTO-CAIXAS-PNG-1-min.png\" class=\"attachment-large size-large wp-image-504\" alt=\"\" \/>\t\t\t\t\t\t\t\t\t\t\t\t\t\t\t<\/div>\r\n\t\t\t\t<\/div>\r\n\t\t\t\t<div class=\"elementor-element elementor-element-481a0b1 elementor-align-center elementor-mobile-align-center elementor-widget__width-inherit elementor-widget elementor-widget-button\" data-id=\"481a0b1\" data-element_type=\"widget\" data-e-type=\"widget\" data-widget_type=\"button.default\">\r\n\t\t\t\t<div class=\"elementor-widget-container\">\r\n\t\t\t\t\t\t\t\t\t<div class=\"elementor-button-wrapper\">\r\n\t\t\t\t\t<a class=\"elementor-button elementor-button-link elementor-size-sm\" href=\"https:\/\/okamy.com.br\/jfmangueiras\/caixas-de-luz\/\">\r\n\t\t\t\t\t\t<span class=\"elementor-button-content-wrapper\">\r\n\t\t\t\t\t\t\t\t\t<span class=\"elementor-button-text\">Saiba mais<\/span>\r\n\t\t\t\t\t<\/span>\r\n\t\t\t\t\t<\/a>\r\n\t\t\t\t<\/div>\r\n\t\t\t\t\t\t\t\t<\/div>\r\n\t\t\t\t<\/div>\r\n\t\t\t\t<\/div>\r\n\t\t\t\t<\/div>\r\n\t\t\t\t\t<\/div>\r\n\t\t\t\t<\/div>\r\n\t\t\t\t<\/div>\r\n\t\t","protected":false},"excerpt":{"rendered":"<p>Produtos Eletroduto Corrugado Flex\u00edvel Saiba mais Eletroduto corrugado Flex\u00edvel Refor\u00e7ado PEAD COM GUIA Saiba mais Tubos flex\u00edveis de Polietileno Saiba mais Luvas para Dutos Corrugados Saiba mais Caixas de Luz Saiba mais<\/p>\n","protected":false},"author":1,"featured_media":0,"parent":0,"menu_order":0,"comment_status":"closed","ping_status":"closed","template":"","meta":{"_joinchat":[],"footnotes":""},"class_list":["post-18","page","type-page","status-publish","hentry"],"_links":{"self":[{"href":"https:\/\/okamy.com.br\/jfmangueiras\/wp-json\/wp\/v2\/pages\/18","targetHints":{"allow":["GET"]}}],"collection":[{"href":"https:\/\/okamy.com.br\/jfmangueiras\/wp-json\/wp\/v2\/pages"}],"about":[{"href":"https:\/\/okamy.com.br\/jfmangueiras\/wp-json\/wp\/v2\/types\/page"}],"author":[{"embeddable":true,"href":"https:\/\/okamy.com.br\/jfmangueiras\/wp-json\/wp\/v2\/users\/1"}],"replies":[{"embeddable":true,"href":"https:\/\/okamy.com.br\/jfmangueiras\/wp-json\/wp\/v2\/comments?post=18"}],"version-history":[{"count":17,"href":"https:\/\/okamy.com.br\/jfmangueiras\/wp-json\/wp\/v2\/pages\/18\/revisions"}],"predecessor-version":[{"id":515,"href":"https:\/\/okamy.com.br\/jfmangueiras\/wp-json\/wp\/v2\/pages\/18\/revisions\/515"}],"wp:attachment":[{"href":"https:\/\/okamy.com.br\/jfmangueiras\/wp-json\/wp\/v2\/media?parent=18"}],"curies":[{"name":"wp","href":"https:\/\/api.w.org\/{rel}","templated":true}]}}