{"id":280,"date":"2024-11-26T14:44:32","date_gmt":"2024-11-26T17:44:32","guid":{"rendered":"https:\/\/okamy.com.br\/jfmangueiras\/?page_id=280"},"modified":"2025-05-21T14:48:06","modified_gmt":"2025-05-21T17:48:06","slug":"caixas-de-luz","status":"publish","type":"page","link":"https:\/\/okamy.com.br\/jfmangueiras\/caixas-de-luz\/","title":{"rendered":"Caixas de Luz"},"content":{"rendered":"\t\t<div data-elementor-type=\"wp-page\" data-elementor-id=\"280\" class=\"elementor elementor-280\" data-elementor-post-type=\"page\">\r\n\t\t\t\t<div class=\"elementor-element elementor-element-e358b85 e-flex e-con-boxed e-con e-parent\" data-id=\"e358b85\" data-element_type=\"container\" data-e-type=\"container\">\r\n\t\t\t\t\t<div class=\"e-con-inner\">\r\n\t\t\t\t<div class=\"elementor-element elementor-element-b9b47f5 elementor-widget elementor-widget-spacer\" data-id=\"b9b47f5\" data-element_type=\"widget\" data-e-type=\"widget\" data-widget_type=\"spacer.default\">\r\n\t\t\t\t<div class=\"elementor-widget-container\">\r\n\t\t\t\t\t\t\t<div class=\"elementor-spacer\">\r\n\t\t\t<div class=\"elementor-spacer-inner\"><\/div>\r\n\t\t<\/div>\r\n\t\t\t\t\t\t<\/div>\r\n\t\t\t\t<\/div>\r\n\t\t\t\t<div class=\"elementor-element elementor-element-c1d8b3c elementor-widget elementor-widget-heading\" data-id=\"c1d8b3c\" data-element_type=\"widget\" data-e-type=\"widget\" data-widget_type=\"heading.default\">\r\n\t\t\t\t<div class=\"elementor-widget-container\">\r\n\t\t\t\t\t<h2 class=\"elementor-heading-title elementor-size-default\">Caixas de Luz<\/h2>\t\t\t\t<\/div>\r\n\t\t\t\t<\/div>\r\n\t\t\t\t<div class=\"elementor-element elementor-element-c8ed2d5 elementor-widget elementor-widget-heading\" data-id=\"c8ed2d5\" data-element_type=\"widget\" data-e-type=\"widget\" data-widget_type=\"heading.default\">\r\n\t\t\t\t<div class=\"elementor-widget-container\">\r\n\t\t\t\t\t<h2 class=\"elementor-heading-title elementor-size-default\">Recomendado para instala\u00e7\u00f5es el\u00e9tricas residenciais.<\/h2>\t\t\t\t<\/div>\r\n\t\t\t\t<\/div>\r\n\t\t\t\t<div class=\"elementor-element elementor-element-127f9fa elementor-widget elementor-widget-text-editor\" data-id=\"127f9fa\" data-element_type=\"widget\" data-e-type=\"widget\" data-widget_type=\"text-editor.default\">\r\n\t\t\t\t<div class=\"elementor-widget-container\">\r\n\t\t\t\t\t\t\t\t\t<p>Facilidade na instala\u00e7\u00e3o, com acomoda\u00e7\u00e3o dos cabos e quantidades de entradas necess\u00e1rias para acoplar os eletrodutos com qualidade e confiabilidade.<\/p>\t\t\t\t\t\t\t\t<\/div>\r\n\t\t\t\t<\/div>\r\n\t\t\t\t<div class=\"elementor-element elementor-element-7e2e273 elementor-widget elementor-widget-image\" data-id=\"7e2e273\" data-element_type=\"widget\" data-e-type=\"widget\" data-widget_type=\"image.default\">\r\n\t\t\t\t<div class=\"elementor-widget-container\">\r\n\t\t\t\t\t\t\t\t\t\t\t\t\t\t\t<img fetchpriority=\"high\" decoding=\"async\" width=\"5472\" height=\"3648\" src=\"https:\/\/okamy.com.br\/jfmangueiras\/wp-content\/uploads\/2025\/04\/CONJUNTO-CAIXAS-PNG-1-min.png\" class=\"attachment-full size-full wp-image-504\" alt=\"\" \/>\t\t\t\t\t\t\t\t\t\t\t\t\t\t\t<\/div>\r\n\t\t\t\t<\/div>\r\n\t\t\t\t<div class=\"elementor-element elementor-element-5bbf76e elementor-widget elementor-widget-heading\" data-id=\"5bbf76e\" data-element_type=\"widget\" data-e-type=\"widget\" data-widget_type=\"heading.default\">\r\n\t\t\t\t<div class=\"elementor-widget-container\">\r\n\t\t\t\t\t<h2 class=\"elementor-heading-title elementor-size-default\">Informa\u00e7\u00f5es t\u00e9cnicas<\/h2>\t\t\t\t<\/div>\r\n\t\t\t\t<\/div>\r\n\t\t\t\t<div class=\"elementor-element elementor-element-d8069f7 elementor-widget elementor-widget-html\" data-id=\"d8069f7\" data-element_type=\"widget\" data-e-type=\"widget\" data-widget_type=\"html.default\">\r\n\t\t\t\t<div class=\"elementor-widget-container\">\r\n\t\t\t\t\t<!DOCTYPE html>\r\n<html lang=\"pt-BR\">\r\n<head>\r\n    <meta charset=\"UTF-8\">\r\n    <meta name=\"viewport\" content=\"width=device-width, initial-scale=1.0\">\r\n    <title>Tabela de Produtos<\/title>\r\n    <style>\r\n        table {\r\n            width: 50%;\r\n            border-collapse: collapse;\r\n            margin: 20px auto;\r\n        }\r\n        th, td {\r\n            border: 1px solid #000;\r\n            text-align: center;\r\n            padding: 8px;\r\n        }\r\n        th {\r\n            background-color: #72BE44;\r\n            color: white;\r\n        }\r\n    <\/style>\r\n<\/head>\r\n<body>\r\n    <table>\r\n        <thead>\r\n            <tr>\r\n                <th>PRODUTO<\/th>\r\n                <th>PACOTES<\/th>\r\n                <th>PACOTES<\/th>\r\n            <\/tr>\r\n        <\/thead>\r\n        <tbody>\r\n            <tr>\r\n                <td>4 X 2<\/td>\r\n                <td>24 Unidades<\/td>\r\n                <td>100 Unidades<\/td>\r\n            <\/tr>\r\n            <tr>\r\n                <td>4 X 4<\/td>\r\n                <td>12 Unidades<\/td>\r\n                <td>50 Unidades<\/td>\r\n            <\/tr>\r\n            <tr>\r\n                <td>4 X 4 Suporte para laje 30cm<\/td>\r\n                <td>04 Unidades<\/td>\r\n                <td>20 Unidades<\/td>\r\n            <\/tr>\r\n        <\/tbody>\r\n    <\/table>\r\n<\/body>\r\n<\/html>\r\n\t\t\t\t<\/div>\r\n\t\t\t\t<\/div>\r\n\t\t\t\t<div class=\"elementor-element elementor-element-b8ff65d elementor-mobile-align-center elementor-widget__width-inherit elementor-align-center elementor-widget elementor-widget-button\" data-id=\"b8ff65d\" data-element_type=\"widget\" data-e-type=\"widget\" data-widget_type=\"button.default\">\r\n\t\t\t\t<div class=\"elementor-widget-container\">\r\n\t\t\t\t\t\t\t\t\t<div class=\"elementor-button-wrapper\">\r\n\t\t\t\t\t<a class=\"elementor-button elementor-button-link elementor-size-sm\" href=\"http:\/\/okamy.com.br\/jfmangueiras\/wp-content\/uploads\/2025\/05\/2436_8_JF_catalogo_digital_1080x1080px-1.pdf\" target=\"_blank\">\r\n\t\t\t\t\t\t<span class=\"elementor-button-content-wrapper\">\r\n\t\t\t\t\t\t\t\t\t<span class=\"elementor-button-text\">Baixe o Cat\u00e1logo<\/span>\r\n\t\t\t\t\t<\/span>\r\n\t\t\t\t\t<\/a>\r\n\t\t\t\t<\/div>\r\n\t\t\t\t\t\t\t\t<\/div>\r\n\t\t\t\t<\/div>\r\n\t\t\t\t<div class=\"elementor-element elementor-element-be0b847 elementor-widget elementor-widget-spacer\" data-id=\"be0b847\" data-element_type=\"widget\" data-e-type=\"widget\" data-widget_type=\"spacer.default\">\r\n\t\t\t\t<div class=\"elementor-widget-container\">\r\n\t\t\t\t\t\t\t<div class=\"elementor-spacer\">\r\n\t\t\t<div class=\"elementor-spacer-inner\"><\/div>\r\n\t\t<\/div>\r\n\t\t\t\t\t\t<\/div>\r\n\t\t\t\t<\/div>\r\n\t\t\t\t\t<\/div>\r\n\t\t\t\t<\/div>\r\n\t\t\t\t<\/div>\r\n\t\t","protected":false},"excerpt":{"rendered":"<p>Caixas de Luz Recomendado para instala\u00e7\u00f5es el\u00e9tricas residenciais. Facilidade na instala\u00e7\u00e3o, com acomoda\u00e7\u00e3o dos cabos e quantidades de entradas necess\u00e1rias para acoplar os eletrodutos com qualidade e confiabilidade. Informa\u00e7\u00f5es t\u00e9cnicas Tabela de Produtos PRODUTO PACOTES PACOTES 4 X 2 24 Unidades 100 Unidades 4 X 4 12 Unidades 50 Unidades 4 X 4 Suporte para [&hellip;]<\/p>\n","protected":false},"author":1,"featured_media":0,"parent":0,"menu_order":0,"comment_status":"closed","ping_status":"closed","template":"","meta":{"_joinchat":[],"footnotes":""},"class_list":["post-280","page","type-page","status-publish","hentry"],"_links":{"self":[{"href":"https:\/\/okamy.com.br\/jfmangueiras\/wp-json\/wp\/v2\/pages\/280","targetHints":{"allow":["GET"]}}],"collection":[{"href":"https:\/\/okamy.com.br\/jfmangueiras\/wp-json\/wp\/v2\/pages"}],"about":[{"href":"https:\/\/okamy.com.br\/jfmangueiras\/wp-json\/wp\/v2\/types\/page"}],"author":[{"embeddable":true,"href":"https:\/\/okamy.com.br\/jfmangueiras\/wp-json\/wp\/v2\/users\/1"}],"replies":[{"embeddable":true,"href":"https:\/\/okamy.com.br\/jfmangueiras\/wp-json\/wp\/v2\/comments?post=280"}],"version-history":[{"count":31,"href":"https:\/\/okamy.com.br\/jfmangueiras\/wp-json\/wp\/v2\/pages\/280\/revisions"}],"predecessor-version":[{"id":581,"href":"https:\/\/okamy.com.br\/jfmangueiras\/wp-json\/wp\/v2\/pages\/280\/revisions\/581"}],"wp:attachment":[{"href":"https:\/\/okamy.com.br\/jfmangueiras\/wp-json\/wp\/v2\/media?parent=280"}],"curies":[{"name":"wp","href":"https:\/\/api.w.org\/{rel}","templated":true}]}}