{"id":300,"date":"2024-11-29T10:49:12","date_gmt":"2024-11-29T13:49:12","guid":{"rendered":"https:\/\/okamy.com.br\/jfmangueiras\/?page_id=300"},"modified":"2025-05-21T14:47:52","modified_gmt":"2025-05-21T17:47:52","slug":"elementor-300","status":"publish","type":"page","link":"https:\/\/okamy.com.br\/jfmangueiras\/elementor-300\/","title":{"rendered":"Eletroduto corrugado Flex\u00edvel Refor\u00e7ado PEAD COM GUIA"},"content":{"rendered":"\t\t<div data-elementor-type=\"wp-page\" data-elementor-id=\"300\" class=\"elementor elementor-300\" data-elementor-post-type=\"page\">\r\n\t\t\t\t<div class=\"elementor-element elementor-element-09db28a e-flex e-con-boxed e-con e-parent\" data-id=\"09db28a\" data-element_type=\"container\" data-e-type=\"container\">\r\n\t\t\t\t\t<div class=\"e-con-inner\">\r\n\t\t\t\t<div class=\"elementor-element elementor-element-b6c4112 elementor-widget elementor-widget-spacer\" data-id=\"b6c4112\" data-element_type=\"widget\" data-e-type=\"widget\" data-widget_type=\"spacer.default\">\r\n\t\t\t\t<div class=\"elementor-widget-container\">\r\n\t\t\t\t\t\t\t<div class=\"elementor-spacer\">\r\n\t\t\t<div class=\"elementor-spacer-inner\"><\/div>\r\n\t\t<\/div>\r\n\t\t\t\t\t\t<\/div>\r\n\t\t\t\t<\/div>\r\n\t\t\t\t<div class=\"elementor-element elementor-element-6b481ba elementor-widget elementor-widget-heading\" data-id=\"6b481ba\" data-element_type=\"widget\" data-e-type=\"widget\" data-widget_type=\"heading.default\">\r\n\t\t\t\t<div class=\"elementor-widget-container\">\r\n\t\t\t\t\t<h2 class=\"elementor-heading-title elementor-size-default\">Eletroduto corrugado Flex\u00edvel Refor\u00e7ado PEAD COM GUIA<\/h2>\t\t\t\t<\/div>\r\n\t\t\t\t<\/div>\r\n\t\t\t\t<div class=\"elementor-element elementor-element-f366ce5 elementor-widget elementor-widget-heading\" data-id=\"f366ce5\" data-element_type=\"widget\" data-e-type=\"widget\" data-widget_type=\"heading.default\">\r\n\t\t\t\t<div class=\"elementor-widget-container\">\r\n\t\t\t\t\t<h2 class=\"elementor-heading-title elementor-size-default\">Conduz fios e cabos el\u00e9tricos com praticidade e resist\u00eancia.<\/h2>\t\t\t\t<\/div>\r\n\t\t\t\t<\/div>\r\n\t\t\t\t<div class=\"elementor-element elementor-element-8de0a02 elementor-widget elementor-widget-text-editor\" data-id=\"8de0a02\" data-element_type=\"widget\" data-e-type=\"widget\" data-widget_type=\"text-editor.default\">\r\n\t\t\t\t<div class=\"elementor-widget-container\">\r\n\t\t\t\t\t\t\t\t\t<p>Com fio guia torna a instala\u00e7\u00e3o ainda mais f\u00e1cil, mesmo nos projetos desafiadores.<\/p>\t\t\t\t\t\t\t\t<\/div>\r\n\t\t\t\t<\/div>\r\n\t\t\t\t<div class=\"elementor-element elementor-element-ca6d136 elementor-widget elementor-widget-image\" data-id=\"ca6d136\" data-element_type=\"widget\" data-e-type=\"widget\" data-widget_type=\"image.default\">\r\n\t\t\t\t<div class=\"elementor-widget-container\">\r\n\t\t\t\t\t\t\t\t\t\t\t\t\t\t\t<img fetchpriority=\"high\" decoding=\"async\" width=\"1080\" height=\"1080\" src=\"https:\/\/okamy.com.br\/jfmangueiras\/wp-content\/uploads\/2024\/11\/CORRUGADO_FIO_GUI.png\" class=\"attachment-full size-full wp-image-48\" alt=\"\" srcset=\"https:\/\/okamy.com.br\/jfmangueiras\/wp-content\/uploads\/2024\/11\/CORRUGADO_FIO_GUI.png 1080w, https:\/\/okamy.com.br\/jfmangueiras\/wp-content\/uploads\/2024\/11\/CORRUGADO_FIO_GUI-300x300.png 300w, https:\/\/okamy.com.br\/jfmangueiras\/wp-content\/uploads\/2024\/11\/CORRUGADO_FIO_GUI-1024x1024.png 1024w, https:\/\/okamy.com.br\/jfmangueiras\/wp-content\/uploads\/2024\/11\/CORRUGADO_FIO_GUI-150x150.png 150w, https:\/\/okamy.com.br\/jfmangueiras\/wp-content\/uploads\/2024\/11\/CORRUGADO_FIO_GUI-768x768.png 768w\" sizes=\"(max-width: 1080px) 100vw, 1080px\" \/>\t\t\t\t\t\t\t\t\t\t\t\t\t\t\t<\/div>\r\n\t\t\t\t<\/div>\r\n\t\t\t\t<div class=\"elementor-element elementor-element-2c7fe4d elementor-widget elementor-widget-heading\" data-id=\"2c7fe4d\" data-element_type=\"widget\" data-e-type=\"widget\" data-widget_type=\"heading.default\">\r\n\t\t\t\t<div class=\"elementor-widget-container\">\r\n\t\t\t\t\t<h2 class=\"elementor-heading-title elementor-size-default\">Informa\u00e7\u00f5es t\u00e9cnicas<\/h2>\t\t\t\t<\/div>\r\n\t\t\t\t<\/div>\r\n\t\t\t\t<div class=\"elementor-element elementor-element-77bb612 elementor-widget elementor-widget-html\" data-id=\"77bb612\" data-element_type=\"widget\" data-e-type=\"widget\" data-widget_type=\"html.default\">\r\n\t\t\t\t<div class=\"elementor-widget-container\">\r\n\t\t\t\t\t<!DOCTYPE html>\r\n<html lang=\"pt-BR\">\r\n<head>\r\n    <meta charset=\"UTF-8\">\r\n    <meta name=\"viewport\" content=\"width=device-width, initial-scale=1.0\">\r\n    <title>Tabela de Bitolas<\/title>\r\n    <style>\r\n        table {\r\n            width: 80%;\r\n            border-collapse: collapse;\r\n            margin: 20px auto;\r\n        }\r\n        th, td {\r\n            border: 1px solid #000;\r\n            text-align: center;\r\n            padding: 8px;\r\n        }\r\n        th {\r\n            background-color: #72BE44;\r\n            color: white;\r\n        }\r\n    <\/style>\r\n<\/head>\r\n<body>\r\n    <table>\r\n        <thead>\r\n            <tr>\r\n                <th>BITOLA<\/th>\r\n                <th>ROLO<\/th>\r\n                <th>DI\u00c2METRO INTERNO<\/th>\r\n                <th>DI\u00c2METRO EXTERNO<\/th>\r\n            <\/tr>\r\n        <\/thead>\r\n        <tbody>\r\n            <tr>\r\n                <td>3\/4<\/td>\r\n                <td>50 MT<\/td>\r\n                <td>20mm<\/td>\r\n                <td>25mm<\/td>\r\n            <\/tr>\r\n            <tr>\r\n                <td>1\"<\/td>\r\n                <td>25\/50 MT<\/td>\r\n                <td>25mm<\/td>\r\n                <td>32mm<\/td>\r\n            <\/tr>\r\n            <tr>\r\n                <td>11\/4\"<\/td>\r\n                <td>25\/50 MT<\/td>\r\n                <td>30mm<\/td>\r\n                <td>40mm<\/td>\r\n            <\/tr>\r\n            <tr>\r\n                <td>11\/2\"<\/td>\r\n                <td>25\/50 MT<\/td>\r\n                <td>40mm<\/td>\r\n                <td>50mm<\/td>\r\n            <\/tr>\r\n            <tr>\r\n                <td>2\"<\/td>\r\n                <td>25\/50 MT<\/td>\r\n                <td>53mm<\/td>\r\n                <td>63mm<\/td>\r\n            <\/tr>\r\n            <tr>\r\n                <td>3\"<\/td>\r\n                <td>25\/50 MT<\/td>\r\n                <td>74mm<\/td>\r\n                <td>90mm<\/td>\r\n            <\/tr>\r\n            <tr>\r\n                <td>4\"<\/td>\r\n                <td>25\/50 MT<\/td>\r\n                <td>93mm<\/td>\r\n                <td>110mm<\/td>\r\n            <\/tr>\r\n        <\/tbody>\r\n    <\/table>\r\n<\/body>\r\n<\/html>\r\n\t\t\t\t<\/div>\r\n\t\t\t\t<\/div>\r\n\t\t\t\t<div class=\"elementor-element elementor-element-d2a8171 elementor-mobile-align-center elementor-widget__width-inherit elementor-align-center elementor-widget elementor-widget-button\" data-id=\"d2a8171\" data-element_type=\"widget\" data-e-type=\"widget\" data-widget_type=\"button.default\">\r\n\t\t\t\t<div class=\"elementor-widget-container\">\r\n\t\t\t\t\t\t\t\t\t<div class=\"elementor-button-wrapper\">\r\n\t\t\t\t\t<a class=\"elementor-button elementor-button-link elementor-size-sm\" href=\"http:\/\/okamy.com.br\/jfmangueiras\/wp-content\/uploads\/2025\/05\/2436_8_JF_catalogo_digital_1080x1080px-1.pdf\" target=\"_blank\">\r\n\t\t\t\t\t\t<span class=\"elementor-button-content-wrapper\">\r\n\t\t\t\t\t\t\t\t\t<span class=\"elementor-button-text\">Baixe o Cat\u00e1logo<\/span>\r\n\t\t\t\t\t<\/span>\r\n\t\t\t\t\t<\/a>\r\n\t\t\t\t<\/div>\r\n\t\t\t\t\t\t\t\t<\/div>\r\n\t\t\t\t<\/div>\r\n\t\t\t\t<div class=\"elementor-element elementor-element-474d5fc elementor-widget elementor-widget-spacer\" data-id=\"474d5fc\" data-element_type=\"widget\" data-e-type=\"widget\" data-widget_type=\"spacer.default\">\r\n\t\t\t\t<div class=\"elementor-widget-container\">\r\n\t\t\t\t\t\t\t<div class=\"elementor-spacer\">\r\n\t\t\t<div class=\"elementor-spacer-inner\"><\/div>\r\n\t\t<\/div>\r\n\t\t\t\t\t\t<\/div>\r\n\t\t\t\t<\/div>\r\n\t\t\t\t\t<\/div>\r\n\t\t\t\t<\/div>\r\n\t\t\t\t<\/div>\r\n\t\t","protected":false},"excerpt":{"rendered":"<p>Eletroduto corrugado Flex\u00edvel Refor\u00e7ado PEAD COM GUIA Conduz fios e cabos el\u00e9tricos com praticidade e resist\u00eancia. Com fio guia torna a instala\u00e7\u00e3o ainda mais f\u00e1cil, mesmo nos projetos desafiadores. Informa\u00e7\u00f5es t\u00e9cnicas Tabela de Bitolas BITOLA ROLO DI\u00c2METRO INTERNO DI\u00c2METRO EXTERNO 3\/4 50 MT 20mm 25mm 1&#8243; 25\/50 MT 25mm 32mm 11\/4&#8243; 25\/50 MT 30mm 40mm [&hellip;]<\/p>\n","protected":false},"author":1,"featured_media":0,"parent":0,"menu_order":0,"comment_status":"closed","ping_status":"closed","template":"","meta":{"_joinchat":[],"footnotes":""},"class_list":["post-300","page","type-page","status-publish","hentry"],"_links":{"self":[{"href":"https:\/\/okamy.com.br\/jfmangueiras\/wp-json\/wp\/v2\/pages\/300","targetHints":{"allow":["GET"]}}],"collection":[{"href":"https:\/\/okamy.com.br\/jfmangueiras\/wp-json\/wp\/v2\/pages"}],"about":[{"href":"https:\/\/okamy.com.br\/jfmangueiras\/wp-json\/wp\/v2\/types\/page"}],"author":[{"embeddable":true,"href":"https:\/\/okamy.com.br\/jfmangueiras\/wp-json\/wp\/v2\/users\/1"}],"replies":[{"embeddable":true,"href":"https:\/\/okamy.com.br\/jfmangueiras\/wp-json\/wp\/v2\/comments?post=300"}],"version-history":[{"count":23,"href":"https:\/\/okamy.com.br\/jfmangueiras\/wp-json\/wp\/v2\/pages\/300\/revisions"}],"predecessor-version":[{"id":572,"href":"https:\/\/okamy.com.br\/jfmangueiras\/wp-json\/wp\/v2\/pages\/300\/revisions\/572"}],"wp:attachment":[{"href":"https:\/\/okamy.com.br\/jfmangueiras\/wp-json\/wp\/v2\/media?parent=300"}],"curies":[{"name":"wp","href":"https:\/\/api.w.org\/{rel}","templated":true}]}}