{"id":311,"date":"2024-11-29T11:08:13","date_gmt":"2024-11-29T14:08:13","guid":{"rendered":"https:\/\/okamy.com.br\/jfmangueiras\/?page_id=311"},"modified":"2025-05-21T14:47:48","modified_gmt":"2025-05-21T17:47:48","slug":"eletroduto-corrugado-flexivel","status":"publish","type":"page","link":"https:\/\/okamy.com.br\/jfmangueiras\/eletroduto-corrugado-flexivel\/","title":{"rendered":"Eletroduto Corrugado Flex\u00edvel"},"content":{"rendered":"\t\t<div data-elementor-type=\"wp-page\" data-elementor-id=\"311\" class=\"elementor elementor-311\" data-elementor-post-type=\"page\">\r\n\t\t\t\t<div class=\"elementor-element elementor-element-9e39663 e-flex e-con-boxed e-con e-parent\" data-id=\"9e39663\" data-element_type=\"container\" data-e-type=\"container\">\r\n\t\t\t\t\t<div class=\"e-con-inner\">\r\n\t\t\t\t<div class=\"elementor-element elementor-element-3f58e9c elementor-widget elementor-widget-spacer\" data-id=\"3f58e9c\" data-element_type=\"widget\" data-e-type=\"widget\" data-widget_type=\"spacer.default\">\r\n\t\t\t\t<div class=\"elementor-widget-container\">\r\n\t\t\t\t\t\t\t<div class=\"elementor-spacer\">\r\n\t\t\t<div class=\"elementor-spacer-inner\"><\/div>\r\n\t\t<\/div>\r\n\t\t\t\t\t\t<\/div>\r\n\t\t\t\t<\/div>\r\n\t\t\t\t<div class=\"elementor-element elementor-element-c6c928c elementor-widget elementor-widget-heading\" data-id=\"c6c928c\" data-element_type=\"widget\" data-e-type=\"widget\" data-widget_type=\"heading.default\">\r\n\t\t\t\t<div class=\"elementor-widget-container\">\r\n\t\t\t\t\t<h2 class=\"elementor-heading-title elementor-size-default\">Eletroduto Corrugado Flex\u00edvel<\/h2>\t\t\t\t<\/div>\r\n\t\t\t\t<\/div>\r\n\t\t\t\t<div class=\"elementor-element elementor-element-05076c5 elementor-widget elementor-widget-text-editor\" data-id=\"05076c5\" data-element_type=\"widget\" data-e-type=\"widget\" data-widget_type=\"text-editor.default\">\r\n\t\t\t\t<div class=\"elementor-widget-container\">\r\n\t\t\t\t\t\t\t\t\t<p><strong>Aplica\u00e7\u00e3o do produto:<\/strong><br \/>Amarelo: Ideal para parede<br \/>Laranja: Ideal para lajes e pisos<\/p>\t\t\t\t\t\t\t\t<\/div>\r\n\t\t\t\t<\/div>\r\n\t\t\t\t<div class=\"elementor-element elementor-element-f2f69b2 elementor-widget elementor-widget-image\" data-id=\"f2f69b2\" data-element_type=\"widget\" data-e-type=\"widget\" data-widget_type=\"image.default\">\r\n\t\t\t\t<div class=\"elementor-widget-container\">\r\n\t\t\t\t\t\t\t\t\t\t\t\t\t\t\t<img fetchpriority=\"high\" decoding=\"async\" width=\"1080\" height=\"1080\" src=\"https:\/\/okamy.com.br\/jfmangueiras\/wp-content\/uploads\/2024\/11\/CORRUGADO.png\" class=\"attachment-full size-full wp-image-49\" alt=\"\" srcset=\"https:\/\/okamy.com.br\/jfmangueiras\/wp-content\/uploads\/2024\/11\/CORRUGADO.png 1080w, https:\/\/okamy.com.br\/jfmangueiras\/wp-content\/uploads\/2024\/11\/CORRUGADO-300x300.png 300w, https:\/\/okamy.com.br\/jfmangueiras\/wp-content\/uploads\/2024\/11\/CORRUGADO-1024x1024.png 1024w, https:\/\/okamy.com.br\/jfmangueiras\/wp-content\/uploads\/2024\/11\/CORRUGADO-150x150.png 150w, https:\/\/okamy.com.br\/jfmangueiras\/wp-content\/uploads\/2024\/11\/CORRUGADO-768x768.png 768w\" sizes=\"(max-width: 1080px) 100vw, 1080px\" \/>\t\t\t\t\t\t\t\t\t\t\t\t\t\t\t<\/div>\r\n\t\t\t\t<\/div>\r\n\t\t\t\t<div class=\"elementor-element elementor-element-d7453b2 elementor-widget elementor-widget-heading\" data-id=\"d7453b2\" data-element_type=\"widget\" data-e-type=\"widget\" data-widget_type=\"heading.default\">\r\n\t\t\t\t<div class=\"elementor-widget-container\">\r\n\t\t\t\t\t<h2 class=\"elementor-heading-title elementor-size-default\">Informa\u00e7\u00f5es t\u00e9cnicas<\/h2>\t\t\t\t<\/div>\r\n\t\t\t\t<\/div>\r\n\t\t\t\t<div class=\"elementor-element elementor-element-be27db3 elementor-widget elementor-widget-html\" data-id=\"be27db3\" data-element_type=\"widget\" data-e-type=\"widget\" data-widget_type=\"html.default\">\r\n\t\t\t\t<div class=\"elementor-widget-container\">\r\n\t\t\t\t\t<!DOCTYPE html>\r\n<html lang=\"pt-BR\">\r\n<head>\r\n    <meta charset=\"UTF-8\">\r\n    <meta name=\"viewport\" content=\"width=device-width, initial-scale=1.0\">\r\n    <title>Tabela de Bitolas<\/title>\r\n    <style>\r\n        table {\r\n            width: 60%;\r\n            border-collapse: collapse;\r\n            margin: 20px auto;\r\n        }\r\n        th, td {\r\n            border: 1px solid #000;\r\n            text-align: center;\r\n            padding: 8px;\r\n        }\r\n        th {\r\n            background-color: #72BE44;\r\n            color: white;\r\n        }\r\n    <\/style>\r\n<\/head>\r\n<body>\r\n    <table>\r\n        <thead>\r\n            <tr>\r\n                <th>BITOLA<\/th>\r\n                <th>ROLO<\/th>\r\n                <th>DI\u00c2METRO INTERNO<\/th>\r\n                <th>DI\u00c2METRO EXTERNO<\/th>\r\n            <\/tr>\r\n        <\/thead>\r\n        <tbody>\r\n            <tr>\r\n                <td>5\/8\"<\/td>\r\n                <td>50 MT<\/td>\r\n                <td>16mm<\/td>\r\n                <td>20mm<\/td>\r\n            <\/tr>\r\n            <tr>\r\n                <td>3\/4\"<\/td>\r\n                <td>50 MT<\/td>\r\n                <td>20mm<\/td>\r\n                <td>25mm<\/td>\r\n            <\/tr>\r\n            <tr>\r\n                <td>1\"<\/td>\r\n                <td>25 MT<\/td>\r\n                <td>25mm<\/td>\r\n                <td>32mm<\/td>\r\n            <\/tr>\r\n        <\/tbody>\r\n    <\/table>\r\n<\/body>\r\n<\/html>\r\n\t\t\t\t<\/div>\r\n\t\t\t\t<\/div>\r\n\t\t\t\t<div class=\"elementor-element elementor-element-2050089 elementor-mobile-align-center elementor-widget__width-inherit elementor-align-center elementor-widget elementor-widget-button\" data-id=\"2050089\" data-element_type=\"widget\" data-e-type=\"widget\" data-widget_type=\"button.default\">\r\n\t\t\t\t<div class=\"elementor-widget-container\">\r\n\t\t\t\t\t\t\t\t\t<div class=\"elementor-button-wrapper\">\r\n\t\t\t\t\t<a class=\"elementor-button elementor-button-link elementor-size-sm\" href=\"http:\/\/okamy.com.br\/jfmangueiras\/wp-content\/uploads\/2025\/05\/2436_8_JF_catalogo_digital_1080x1080px-1.pdf\" target=\"_blank\">\r\n\t\t\t\t\t\t<span class=\"elementor-button-content-wrapper\">\r\n\t\t\t\t\t\t\t\t\t<span class=\"elementor-button-text\">Baixe o Cat\u00e1logo<\/span>\r\n\t\t\t\t\t<\/span>\r\n\t\t\t\t\t<\/a>\r\n\t\t\t\t<\/div>\r\n\t\t\t\t\t\t\t\t<\/div>\r\n\t\t\t\t<\/div>\r\n\t\t\t\t<div class=\"elementor-element elementor-element-6b8ccde elementor-widget elementor-widget-spacer\" data-id=\"6b8ccde\" data-element_type=\"widget\" data-e-type=\"widget\" data-widget_type=\"spacer.default\">\r\n\t\t\t\t<div class=\"elementor-widget-container\">\r\n\t\t\t\t\t\t\t<div class=\"elementor-spacer\">\r\n\t\t\t<div class=\"elementor-spacer-inner\"><\/div>\r\n\t\t<\/div>\r\n\t\t\t\t\t\t<\/div>\r\n\t\t\t\t<\/div>\r\n\t\t\t\t\t<\/div>\r\n\t\t\t\t<\/div>\r\n\t\t\t\t<\/div>\r\n\t\t","protected":false},"excerpt":{"rendered":"<p>Eletroduto Corrugado Flex\u00edvel Aplica\u00e7\u00e3o do produto:Amarelo: Ideal para paredeLaranja: Ideal para lajes e pisos Informa\u00e7\u00f5es t\u00e9cnicas Tabela de Bitolas BITOLA ROLO DI\u00c2METRO INTERNO DI\u00c2METRO EXTERNO 5\/8&#8243; 50 MT 16mm 20mm 3\/4&#8243; 50 MT 20mm 25mm 1&#8243; 25 MT 25mm 32mm Baixe o Cat\u00e1logo<\/p>\n","protected":false},"author":1,"featured_media":0,"parent":0,"menu_order":0,"comment_status":"closed","ping_status":"closed","template":"","meta":{"_joinchat":[],"footnotes":""},"class_list":["post-311","page","type-page","status-publish","hentry"],"_links":{"self":[{"href":"https:\/\/okamy.com.br\/jfmangueiras\/wp-json\/wp\/v2\/pages\/311","targetHints":{"allow":["GET"]}}],"collection":[{"href":"https:\/\/okamy.com.br\/jfmangueiras\/wp-json\/wp\/v2\/pages"}],"about":[{"href":"https:\/\/okamy.com.br\/jfmangueiras\/wp-json\/wp\/v2\/types\/page"}],"author":[{"embeddable":true,"href":"https:\/\/okamy.com.br\/jfmangueiras\/wp-json\/wp\/v2\/users\/1"}],"replies":[{"embeddable":true,"href":"https:\/\/okamy.com.br\/jfmangueiras\/wp-json\/wp\/v2\/comments?post=311"}],"version-history":[{"count":25,"href":"https:\/\/okamy.com.br\/jfmangueiras\/wp-json\/wp\/v2\/pages\/311\/revisions"}],"predecessor-version":[{"id":569,"href":"https:\/\/okamy.com.br\/jfmangueiras\/wp-json\/wp\/v2\/pages\/311\/revisions\/569"}],"wp:attachment":[{"href":"https:\/\/okamy.com.br\/jfmangueiras\/wp-json\/wp\/v2\/media?parent=311"}],"curies":[{"name":"wp","href":"https:\/\/api.w.org\/{rel}","templated":true}]}}