{"id":316,"date":"2024-11-29T11:12:26","date_gmt":"2024-11-29T14:12:26","guid":{"rendered":"https:\/\/okamy.com.br\/jfmangueiras\/?page_id=316"},"modified":"2025-05-21T14:47:59","modified_gmt":"2025-05-21T17:47:59","slug":"tubos-flexiveis-de-polietileno","status":"publish","type":"page","link":"https:\/\/okamy.com.br\/jfmangueiras\/tubos-flexiveis-de-polietileno\/","title":{"rendered":"Tubos flex\u00edveis de Polietileno"},"content":{"rendered":"\t\t<div data-elementor-type=\"wp-page\" data-elementor-id=\"316\" class=\"elementor elementor-316\" data-elementor-post-type=\"page\">\r\n\t\t\t\t<div class=\"elementor-element elementor-element-a72f138 e-flex e-con-boxed e-con e-parent\" data-id=\"a72f138\" data-element_type=\"container\" data-e-type=\"container\">\r\n\t\t\t\t\t<div class=\"e-con-inner\">\r\n\t\t\t\t<div class=\"elementor-element elementor-element-416f65f elementor-widget elementor-widget-spacer\" data-id=\"416f65f\" data-element_type=\"widget\" data-e-type=\"widget\" data-widget_type=\"spacer.default\">\r\n\t\t\t\t<div class=\"elementor-widget-container\">\r\n\t\t\t\t\t\t\t<div class=\"elementor-spacer\">\r\n\t\t\t<div class=\"elementor-spacer-inner\"><\/div>\r\n\t\t<\/div>\r\n\t\t\t\t\t\t<\/div>\r\n\t\t\t\t<\/div>\r\n\t\t\t\t<div class=\"elementor-element elementor-element-950992e elementor-widget elementor-widget-heading\" data-id=\"950992e\" data-element_type=\"widget\" data-e-type=\"widget\" data-widget_type=\"heading.default\">\r\n\t\t\t\t<div class=\"elementor-widget-container\">\r\n\t\t\t\t\t<h2 class=\"elementor-heading-title elementor-size-default\">Tubos flex\u00edveis de Polietileno<\/h2>\t\t\t\t<\/div>\r\n\t\t\t\t<\/div>\r\n\t\t\t\t<div class=\"elementor-element elementor-element-5a6f231 elementor-widget elementor-widget-heading\" data-id=\"5a6f231\" data-element_type=\"widget\" data-e-type=\"widget\" data-widget_type=\"heading.default\">\r\n\t\t\t\t<div class=\"elementor-widget-container\">\r\n\t\t\t\t\t<h2 class=\"elementor-heading-title elementor-size-default\">A escolha ideal, que garante produtividade e inova\u00e7\u00e3o para o seu projeto\n\n<\/h2>\t\t\t\t<\/div>\r\n\t\t\t\t<\/div>\r\n\t\t\t\t<div class=\"elementor-element elementor-element-eb6250a elementor-widget elementor-widget-image\" data-id=\"eb6250a\" data-element_type=\"widget\" data-e-type=\"widget\" data-widget_type=\"image.default\">\r\n\t\t\t\t<div class=\"elementor-widget-container\">\r\n\t\t\t\t\t\t\t\t\t\t\t\t\t\t\t<img fetchpriority=\"high\" decoding=\"async\" width=\"1080\" height=\"1080\" src=\"https:\/\/okamy.com.br\/jfmangueiras\/wp-content\/uploads\/2024\/11\/MANGUEIRA_PEBD.png\" class=\"attachment-full size-full wp-image-45\" alt=\"\" srcset=\"https:\/\/okamy.com.br\/jfmangueiras\/wp-content\/uploads\/2024\/11\/MANGUEIRA_PEBD.png 1080w, https:\/\/okamy.com.br\/jfmangueiras\/wp-content\/uploads\/2024\/11\/MANGUEIRA_PEBD-300x300.png 300w, https:\/\/okamy.com.br\/jfmangueiras\/wp-content\/uploads\/2024\/11\/MANGUEIRA_PEBD-1024x1024.png 1024w, https:\/\/okamy.com.br\/jfmangueiras\/wp-content\/uploads\/2024\/11\/MANGUEIRA_PEBD-150x150.png 150w, https:\/\/okamy.com.br\/jfmangueiras\/wp-content\/uploads\/2024\/11\/MANGUEIRA_PEBD-768x768.png 768w\" sizes=\"(max-width: 1080px) 100vw, 1080px\" \/>\t\t\t\t\t\t\t\t\t\t\t\t\t\t\t<\/div>\r\n\t\t\t\t<\/div>\r\n\t\t\t\t<div class=\"elementor-element elementor-element-35c29a7 elementor-widget elementor-widget-heading\" data-id=\"35c29a7\" data-element_type=\"widget\" data-e-type=\"widget\" data-widget_type=\"heading.default\">\r\n\t\t\t\t<div class=\"elementor-widget-container\">\r\n\t\t\t\t\t<h2 class=\"elementor-heading-title elementor-size-default\">Informa\u00e7\u00f5es t\u00e9cnicas<\/h2>\t\t\t\t<\/div>\r\n\t\t\t\t<\/div>\r\n\t\t\t\t<div class=\"elementor-element elementor-element-bc1de09 elementor-widget elementor-widget-image\" data-id=\"bc1de09\" data-element_type=\"widget\" data-e-type=\"widget\" data-widget_type=\"image.default\">\r\n\t\t\t\t<div class=\"elementor-widget-container\">\r\n\t\t\t\t\t\t\t\t\t\t\t\t\t\t\t<img decoding=\"async\" width=\"581\" height=\"719\" src=\"https:\/\/okamy.com.br\/jfmangueiras\/wp-content\/uploads\/2025\/02\/Tubos-flexiveis-de-Polietileno\u200b.png\" class=\"attachment-large size-large wp-image-446\" alt=\"\" srcset=\"https:\/\/okamy.com.br\/jfmangueiras\/wp-content\/uploads\/2025\/02\/Tubos-flexiveis-de-Polietileno\u200b.png 581w, https:\/\/okamy.com.br\/jfmangueiras\/wp-content\/uploads\/2025\/02\/Tubos-flexiveis-de-Polietileno\u200b-242x300.png 242w\" sizes=\"(max-width: 581px) 100vw, 581px\" \/>\t\t\t\t\t\t\t\t\t\t\t\t\t\t\t<\/div>\r\n\t\t\t\t<\/div>\r\n\t\t\t\t<div class=\"elementor-element elementor-element-6351e2a elementor-mobile-align-center elementor-widget__width-inherit elementor-align-center elementor-widget elementor-widget-button\" data-id=\"6351e2a\" data-element_type=\"widget\" data-e-type=\"widget\" data-widget_type=\"button.default\">\r\n\t\t\t\t<div class=\"elementor-widget-container\">\r\n\t\t\t\t\t\t\t\t\t<div class=\"elementor-button-wrapper\">\r\n\t\t\t\t\t<a class=\"elementor-button elementor-button-link elementor-size-sm\" href=\"http:\/\/okamy.com.br\/jfmangueiras\/wp-content\/uploads\/2025\/05\/2436_8_JF_catalogo_digital_1080x1080px-1.pdf\" target=\"_blank\">\r\n\t\t\t\t\t\t<span class=\"elementor-button-content-wrapper\">\r\n\t\t\t\t\t\t\t\t\t<span class=\"elementor-button-text\">Baixe o Cat\u00e1logo<\/span>\r\n\t\t\t\t\t<\/span>\r\n\t\t\t\t\t<\/a>\r\n\t\t\t\t<\/div>\r\n\t\t\t\t\t\t\t\t<\/div>\r\n\t\t\t\t<\/div>\r\n\t\t\t\t<div class=\"elementor-element elementor-element-e570e50 elementor-widget elementor-widget-spacer\" data-id=\"e570e50\" data-element_type=\"widget\" data-e-type=\"widget\" data-widget_type=\"spacer.default\">\r\n\t\t\t\t<div class=\"elementor-widget-container\">\r\n\t\t\t\t\t\t\t<div class=\"elementor-spacer\">\r\n\t\t\t<div class=\"elementor-spacer-inner\"><\/div>\r\n\t\t<\/div>\r\n\t\t\t\t\t\t<\/div>\r\n\t\t\t\t<\/div>\r\n\t\t\t\t\t<\/div>\r\n\t\t\t\t<\/div>\r\n\t\t\t\t<\/div>\r\n\t\t","protected":false},"excerpt":{"rendered":"<p>Tubos flex\u00edveis de Polietileno A escolha ideal, que garante produtividade e inova\u00e7\u00e3o para o seu projeto Informa\u00e7\u00f5es t\u00e9cnicas Baixe o Cat\u00e1logo<\/p>\n","protected":false},"author":1,"featured_media":0,"parent":0,"menu_order":0,"comment_status":"closed","ping_status":"closed","template":"","meta":{"_joinchat":[],"footnotes":""},"class_list":["post-316","page","type-page","status-publish","hentry"],"_links":{"self":[{"href":"https:\/\/okamy.com.br\/jfmangueiras\/wp-json\/wp\/v2\/pages\/316","targetHints":{"allow":["GET"]}}],"collection":[{"href":"https:\/\/okamy.com.br\/jfmangueiras\/wp-json\/wp\/v2\/pages"}],"about":[{"href":"https:\/\/okamy.com.br\/jfmangueiras\/wp-json\/wp\/v2\/types\/page"}],"author":[{"embeddable":true,"href":"https:\/\/okamy.com.br\/jfmangueiras\/wp-json\/wp\/v2\/users\/1"}],"replies":[{"embeddable":true,"href":"https:\/\/okamy.com.br\/jfmangueiras\/wp-json\/wp\/v2\/comments?post=316"}],"version-history":[{"count":25,"href":"https:\/\/okamy.com.br\/jfmangueiras\/wp-json\/wp\/v2\/pages\/316\/revisions"}],"predecessor-version":[{"id":575,"href":"https:\/\/okamy.com.br\/jfmangueiras\/wp-json\/wp\/v2\/pages\/316\/revisions\/575"}],"wp:attachment":[{"href":"https:\/\/okamy.com.br\/jfmangueiras\/wp-json\/wp\/v2\/media?parent=316"}],"curies":[{"name":"wp","href":"https:\/\/api.w.org\/{rel}","templated":true}]}}